{"id":14,"date":"2019-01-31T12:12:25","date_gmt":"2019-01-31T15:12:25","guid":{"rendered":"http:\/\/manchinellimontajes.com.ar\/?page_id=14"},"modified":"2024-11-12T19:36:42","modified_gmt":"2024-11-12T22:36:42","slug":"sobre-nosotros","status":"publish","type":"page","link":"https:\/\/manchinellimontajes.com.ar\/index.php\/sobre-nosotros\/","title":{"rendered":"Sobre nosotros"},"content":{"rendered":"<p>Manchinelli Montajes S.A. es una empresa Argentina, con m\u00e1s de 35 a\u00f1os de trayectoria profesional, dedicada al rubro de la construcci\u00f3n mec\u00e1nica, piping, montaje, e ingenier\u00eda industrial, utilizando los m\u00e1s \u00f3ptimos y modernos recursos, para satisfacer apropiadamente las necesidades de nuestros clientes y enfrentando con visiones optimistas, y trabajo dedicado y responsable, todas las situaciones adversas generadas por los constantes desequilibrios econ\u00f3micos y pol\u00edticos por los que ha atravesado nuestro pa\u00eds en las \u00faltimas d\u00e9cadas. Contando siempre con un grupo de profesionales capacitados en el uso de m\u00e1quinas y herramientas de \u00faltima tecnolog\u00eda, y utilizando todas las normas y los procedimientos de seguridad que la industria requiere, garantizamos la calidad y puntualidad de nuestros trabajos, asumiendo como compromiso la satisfacci\u00f3n de nuestros clientes.<\/p>\n<h1>Rese\u00f1a Hist\u00f3rica<\/h1>\n<p>Nuestra firma, que opera en el ramo de montajes, instalaciones y construcciones industriales, fue fundada en 1983 por el Sr. Ismael Jos\u00e9 Manchinelli y Edgardo Ismael Manchinelli, como consecuencia de la desvinculaci\u00f3n de la empresa CAMCI, y al fallecimiento en el a\u00f1o 1987 del Sr. Ismael Jos\u00e9, su hijo Edgardo Ismael toma la direcci\u00f3n de la empresa hasta nuestros d\u00edas.<\/p>\n<p>Durante el transcurso de estos a\u00f1os la empresa ha realizado trabajos para las siguientes empresas:<\/p>\n<p><b>TECNOQUIMICA:\u00a0<\/b>Empresa proveedora de la industria automotriz, fabricante de aditivos, anticongelantes y l\u00edquidos de frenos.<\/p>\n<p><b>DIPHSA:<\/b> &gt;Empresa distribuidora de productos del hogar, dedicada a la distribuci\u00f3n mayorista del ramo.<\/p>\n<p><b>SHELL C.A.P.S.A.:<\/b> Planta Sola, planta de grasas y lubricantes ubicada en capital federal.<\/p>\n<p><b>SHEL GAS S.A:<\/b> Planata envasadora de gafas ubicada en La Matanza.<\/p>\n<p><b>EXOLGAN S.A.:<\/b> Terminal portuaria perteneciente a la empresa ROMAN S.A.<\/p>\n<p><b>ATANOR S.A. \u2013 DOCK SUD.:<\/b> Planta de fabricaci\u00f3n de ferrite en bolsa.<\/p>\n<p><b>ABRASIVOS ARGENTINOS S.A.:<\/b> Fabrica de telas y discos abrasivos.<\/p>\n<p><b>ATANOR S.A.- LLAVALLOL:<\/b> Planta de Ft\u00e1lico; Ftalatos; Fum\u00e1rico; Herbicidas y la planta de soplado con fabricaci\u00f3n de detergentes, que luego fuera vendida a PROCTER &amp; GAMBEL y trasladada a Pilar.<\/p>\n<p><b>THE VALUE BRAND COMPANY de Argentina:<\/b> Fabrica de jab\u00f3n y detergentes, ex jab\u00f3n Federal.<\/p>\n<p><b>TORMENE Americana S.A.:<\/b> Empresa subsidiara de TORMENE Italia, dedicada a la provisi\u00f3n de ingenier\u00eda de plantas reguladoras de gas.<\/p>\n<p><b>PROCTER &amp; GAMBLE:<\/b> Empresa dedicada a la fabricaci\u00f3n de detergentes y jabones.<\/p>\n<p><b>MOLINOS R\u00cdO DE LA PLATA:<\/b><\/p>\n<ol>\n<li style=\"text-align: left;\">Planta Matarazzo<span style=\"color: #ff0000;\"><b>*<\/b><\/span><\/li>\n<li style=\"text-align: left;\">Planta Luchetti<span style=\"color: #ff0000;\"><b>*<\/b><\/span><\/li>\n<li style=\"text-align: left;\">Planta Esteban Echeverria<\/li>\n<li style=\"text-align: left;\">Planta Arlistan<\/li>\n<li style=\"text-align: left;\">Planta La Salte\u00f1a<\/li>\n<li style=\"text-align: left;\">Planta Granja del sol<\/li>\n<\/ol>\n<p><b>UNILEVER DE ARGENTINA S.A.:<\/b> F\u00e1brica de detergentes y jabones l\u00edquidos y en polvo.<\/p>\n<p><strong>Clorox-Grupo Ayud\u00edn<\/strong><\/p>\n<p><strong>JOHNSON &amp; MATTHEY<\/strong><\/p>\n<p><strong>SC JOHNSON<\/strong><\/p>\n<p><strong>MERANOL<\/strong><\/p>\n<p><strong>MOLINOS CA\u00d1UELAS-Terminal Las Palmas<\/strong><\/p>\n<p><strong>INVAP S.A.<\/strong><\/p>\n<p><strong>ALKANOS S.A.<\/strong><\/p>\n<p><b><span style=\"color: #ff0000;\">*<\/span><\/b>En estas poseemos obrador permanente donde brindamos servicio de mantenimiento cotidianamente.<\/p>\n   ","protected":false},"excerpt":{"rendered":"<p>Manchinelli Montajes S.A. es una empresa Argentina, con m\u00e1s de 35 a\u00f1os de trayectoria profesional, dedicada al rubro de la construcci\u00f3n mec\u00e1nica, piping, montaje, e ingenier\u00eda industrial, utilizando los m\u00e1s \u00f3ptimos y modernos recursos, para satisfacer apropiadamente las necesidades de nuestros clientes y enfrentando con visiones optimistas, y trabajo dedicado y responsable, todas las situaciones &hellip; <\/p>\n<p class=\"link-more\"><a href=\"https:\/\/manchinellimontajes.com.ar\/index.php\/sobre-nosotros\/\" class=\"more-link\">Continue reading<span class=\"screen-reader-text\"> &#8220;Sobre nosotros&#8221;<\/span><\/a><\/p>\n","protected":false},"author":1,"featured_media":0,"parent":0,"menu_order":0,"comment_status":"closed","ping_status":"closed","template":"","meta":{"footnotes":""},"class_list":["post-14","page","type-page","status-publish","hentry"],"_links":{"self":[{"href":"https:\/\/manchinellimontajes.com.ar\/index.php\/wp-json\/wp\/v2\/pages\/14","targetHints":{"allow":["GET"]}}],"collection":[{"href":"https:\/\/manchinellimontajes.com.ar\/index.php\/wp-json\/wp\/v2\/pages"}],"about":[{"href":"https:\/\/manchinellimontajes.com.ar\/index.php\/wp-json\/wp\/v2\/types\/page"}],"author":[{"embeddable":true,"href":"https:\/\/manchinellimontajes.com.ar\/index.php\/wp-json\/wp\/v2\/users\/1"}],"replies":[{"embeddable":true,"href":"https:\/\/manchinellimontajes.com.ar\/index.php\/wp-json\/wp\/v2\/comments?post=14"}],"version-history":[{"count":3,"href":"https:\/\/manchinellimontajes.com.ar\/index.php\/wp-json\/wp\/v2\/pages\/14\/revisions"}],"predecessor-version":[{"id":85,"href":"https:\/\/manchinellimontajes.com.ar\/index.php\/wp-json\/wp\/v2\/pages\/14\/revisions\/85"}],"wp:attachment":[{"href":"https:\/\/manchinellimontajes.com.ar\/index.php\/wp-json\/wp\/v2\/media?parent=14"}],"curies":[{"name":"wp","href":"https:\/\/api.w.org\/{rel}","templated":true}]}}