{"id":23,"date":"2019-01-31T12:22:56","date_gmt":"2019-01-31T15:22:56","guid":{"rendered":"http:\/\/manchinellimontajes.com.ar\/?page_id=23"},"modified":"2024-11-13T08:07:45","modified_gmt":"2024-11-13T11:07:45","slug":"bienes-de-uso","status":"publish","type":"page","link":"https:\/\/manchinellimontajes.com.ar\/index.php\/bienes-de-uso\/","title":{"rendered":"Bienes de uso"},"content":{"rendered":"<h1>Obrador y oficina<\/h1>\n<p>Gutenberg 1105. Pi\u00f1eiro, Avellaneda.<\/p>\n<p>TE: (54)(011)4139-5800<br \/>*L\u00edneas Rotativas<\/p>\n<h1>Equipos<\/h1>\n<p>Soldadora Orbital POLISUDE\u00a0 \u00bd\u201d a 2 \u00bd\u201d con AVC y OSC<\/p>\n<p>Soldadora Orbital POLISUDE\u00a0 2\u201d a 16\u201d con AVC y OSC<\/p>\n<p>Soldadora Orbital Magnatech Tubemaster 514 con cabezal Red Head con AVC<\/p>\n<p><strong>(El AVC, o control autom\u00e1tico de tensi\u00f3n, se encarga de medir la tensi\u00f3n del arco y regular la posici\u00f3n para mantener la altura de la torcha sobre el ba\u00f1o de fusi\u00f3n.)<\/strong><\/p>\n<p><strong>(El OSC es la oscilacion de la torcha para realizar la costura.)<\/strong><\/p>\n<p>Biseladoras Automaticas Neumaticas y el\u00e9ctricas<\/p>\n<p>Cortadora biseladora George Fisher GF+ de\u00a0 \u00bd\u201d a 2 \u00bd\u201d<\/p>\n<p>Equipos de Elevaci\u00f3n\/Transporte<\/p>\n<p>Brazo Articulado Genie Z 45 (15 mts)<\/p>\n<p>Plataforma Hidraulica Haulotte (10 mts)<\/p>\n<p>Gr\u00faa Todo Terreno TADANO 25 Tn<\/p>\n<p>Cami\u00f3n VW 9\/150 con Hidrogr\u00faa 7.5 Tm<\/p>\n<p>Cami\u00f3n Tractor IVECO Cursor 450\/330\u00a0 con Hidrogr\u00faa 45 Tm c\/eje neumatico y semiacoplado.<\/p>\n<p>Contenedores oficinas\/Pa\u00f1ol Varios.<\/p>\n<p>*Todas las herramientas y accesorios manuales necesarios para la realizaci\u00f3n de las tareas de acuerdo a las reglas del buen arte.<\/p>\n\n\n<ul class=\"wp-block-gallery columns-3 is-cropped wp-block-gallery-1 is-layout-flex wp-block-gallery-is-layout-flex\"><li class=\"blocks-gallery-item\"><figure><img loading=\"lazy\" decoding=\"async\" width=\"768\" height=\"1024\" src=\"https:\/\/manchinellimontajes.com.ar\/wp-content\/uploads\/2024\/11\/Camion-con-Hidrogrua-chica-768x1024.jpg\" alt=\"\" data-id=\"110\" data-link=\"https:\/\/manchinellimontajes.com.ar\/index.php\/bienes-de-uso\/camion-con-hidrogrua-chica\/\" class=\"wp-image-110\" srcset=\"https:\/\/manchinellimontajes.com.ar\/wp-content\/uploads\/2024\/11\/Camion-con-Hidrogrua-chica-768x1024.jpg 768w, https:\/\/manchinellimontajes.com.ar\/wp-content\/uploads\/2024\/11\/Camion-con-Hidrogrua-chica-225x300.jpg 225w, https:\/\/manchinellimontajes.com.ar\/wp-content\/uploads\/2024\/11\/Camion-con-Hidrogrua-chica.jpg 1200w\" sizes=\"auto, (max-width: 767px) 89vw, (max-width: 1000px) 54vw, (max-width: 1071px) 543px, 580px\" \/><\/figure><\/li><li class=\"blocks-gallery-item\"><figure><img loading=\"lazy\" decoding=\"async\" width=\"768\" height=\"1024\" src=\"https:\/\/manchinellimontajes.com.ar\/wp-content\/uploads\/2024\/11\/Camion-con-Hidrogrua-chica-2-768x1024.jpg\" alt=\"\" data-id=\"109\" data-link=\"https:\/\/manchinellimontajes.com.ar\/index.php\/bienes-de-uso\/camion-con-hidrogrua-chica-2\/\" class=\"wp-image-109\" srcset=\"https:\/\/manchinellimontajes.com.ar\/wp-content\/uploads\/2024\/11\/Camion-con-Hidrogrua-chica-2-768x1024.jpg 768w, https:\/\/manchinellimontajes.com.ar\/wp-content\/uploads\/2024\/11\/Camion-con-Hidrogrua-chica-2-225x300.jpg 225w, https:\/\/manchinellimontajes.com.ar\/wp-content\/uploads\/2024\/11\/Camion-con-Hidrogrua-chica-2.jpg 1200w\" sizes=\"auto, (max-width: 767px) 89vw, (max-width: 1000px) 54vw, (max-width: 1071px) 543px, 580px\" \/><\/figure><\/li><li class=\"blocks-gallery-item\"><figure><img loading=\"lazy\" decoding=\"async\" width=\"1024\" height=\"768\" src=\"https:\/\/manchinellimontajes.com.ar\/wp-content\/uploads\/2024\/11\/IMG-20221128-WA0005-1024x768.jpg\" alt=\"\" data-id=\"106\" data-link=\"https:\/\/manchinellimontajes.com.ar\/index.php\/bienes-de-uso\/img-20221128-wa0005\/\" class=\"wp-image-106\" srcset=\"https:\/\/manchinellimontajes.com.ar\/wp-content\/uploads\/2024\/11\/IMG-20221128-WA0005.jpg 1024w, https:\/\/manchinellimontajes.com.ar\/wp-content\/uploads\/2024\/11\/IMG-20221128-WA0005-300x225.jpg 300w, https:\/\/manchinellimontajes.com.ar\/wp-content\/uploads\/2024\/11\/IMG-20221128-WA0005-768x576.jpg 768w\" sizes=\"auto, (max-width: 767px) 89vw, (max-width: 1000px) 54vw, (max-width: 1071px) 543px, 580px\" \/><\/figure><\/li><li class=\"blocks-gallery-item\"><figure><img loading=\"lazy\" decoding=\"async\" width=\"1024\" height=\"575\" src=\"https:\/\/manchinellimontajes.com.ar\/wp-content\/uploads\/2024\/11\/Brazo-Articulado-15-mts-1024x575.jpg\" alt=\"\" data-id=\"111\" data-link=\"https:\/\/manchinellimontajes.com.ar\/index.php\/bienes-de-uso\/brazo-articulado-15-mts\/\" class=\"wp-image-111\" srcset=\"https:\/\/manchinellimontajes.com.ar\/wp-content\/uploads\/2024\/11\/Brazo-Articulado-15-mts-1024x575.jpg 1024w, https:\/\/manchinellimontajes.com.ar\/wp-content\/uploads\/2024\/11\/Brazo-Articulado-15-mts-300x168.jpg 300w, https:\/\/manchinellimontajes.com.ar\/wp-content\/uploads\/2024\/11\/Brazo-Articulado-15-mts-768x431.jpg 768w\" sizes=\"auto, (max-width: 767px) 89vw, (max-width: 1000px) 54vw, (max-width: 1071px) 543px, 580px\" \/><\/figure><\/li><li class=\"blocks-gallery-item\"><figure><img loading=\"lazy\" decoding=\"async\" width=\"1024\" height=\"498\" src=\"https:\/\/manchinellimontajes.com.ar\/wp-content\/uploads\/2024\/11\/Grua-Tadano-TT-1024x498.jpg\" alt=\"\" data-id=\"108\" data-link=\"https:\/\/manchinellimontajes.com.ar\/index.php\/bienes-de-uso\/grua-tadano-tt\/\" class=\"wp-image-108\" srcset=\"https:\/\/manchinellimontajes.com.ar\/wp-content\/uploads\/2024\/11\/Grua-Tadano-TT-1024x498.jpg 1024w, https:\/\/manchinellimontajes.com.ar\/wp-content\/uploads\/2024\/11\/Grua-Tadano-TT-300x146.jpg 300w, https:\/\/manchinellimontajes.com.ar\/wp-content\/uploads\/2024\/11\/Grua-Tadano-TT-768x373.jpg 768w\" sizes=\"auto, (max-width: 767px) 89vw, (max-width: 1000px) 54vw, (max-width: 1071px) 543px, 580px\" \/><\/figure><\/li><li class=\"blocks-gallery-item\"><figure><img loading=\"lazy\" decoding=\"async\" width=\"1024\" height=\"768\" src=\"https:\/\/manchinellimontajes.com.ar\/wp-content\/uploads\/2024\/11\/Biseladora-1024x768.jpg\" alt=\"\" data-id=\"96\" data-link=\"https:\/\/manchinellimontajes.com.ar\/index.php\/bienes-de-uso\/biseladora\/\" class=\"wp-image-96\" srcset=\"https:\/\/manchinellimontajes.com.ar\/wp-content\/uploads\/2024\/11\/Biseladora.jpg 1024w, https:\/\/manchinellimontajes.com.ar\/wp-content\/uploads\/2024\/11\/Biseladora-300x225.jpg 300w, https:\/\/manchinellimontajes.com.ar\/wp-content\/uploads\/2024\/11\/Biseladora-768x576.jpg 768w\" sizes=\"auto, (max-width: 767px) 89vw, (max-width: 1000px) 54vw, (max-width: 1071px) 543px, 580px\" \/><\/figure><\/li><li class=\"blocks-gallery-item\"><figure><img loading=\"lazy\" decoding=\"async\" width=\"1024\" height=\"768\" src=\"https:\/\/manchinellimontajes.com.ar\/wp-content\/uploads\/2024\/11\/Orbital-cabezal-chico-1-1024x768.jpg\" alt=\"\" data-id=\"97\" data-link=\"https:\/\/manchinellimontajes.com.ar\/index.php\/bienes-de-uso\/orbital-cabezal-chico-1\/\" class=\"wp-image-97\" srcset=\"https:\/\/manchinellimontajes.com.ar\/wp-content\/uploads\/2024\/11\/Orbital-cabezal-chico-1-1024x768.jpg 1024w, https:\/\/manchinellimontajes.com.ar\/wp-content\/uploads\/2024\/11\/Orbital-cabezal-chico-1-300x225.jpg 300w, https:\/\/manchinellimontajes.com.ar\/wp-content\/uploads\/2024\/11\/Orbital-cabezal-chico-1-768x576.jpg 768w, https:\/\/manchinellimontajes.com.ar\/wp-content\/uploads\/2024\/11\/Orbital-cabezal-chico-1.jpg 1600w\" sizes=\"auto, (max-width: 767px) 89vw, (max-width: 1000px) 54vw, (max-width: 1071px) 543px, 580px\" \/><\/figure><\/li><li class=\"blocks-gallery-item\"><figure><img loading=\"lazy\" decoding=\"async\" width=\"1024\" height=\"768\" src=\"https:\/\/manchinellimontajes.com.ar\/wp-content\/uploads\/2024\/11\/Orbital-Red-Head-con-TUBEMASTER-MAGNATECH-2-1024x768.jpg\" alt=\"\" data-id=\"98\" data-link=\"https:\/\/manchinellimontajes.com.ar\/index.php\/bienes-de-uso\/orbital-red-head-con-tubemaster-magnatech-2\/\" class=\"wp-image-98\" srcset=\"https:\/\/manchinellimontajes.com.ar\/wp-content\/uploads\/2024\/11\/Orbital-Red-Head-con-TUBEMASTER-MAGNATECH-2-1024x768.jpg 1024w, https:\/\/manchinellimontajes.com.ar\/wp-content\/uploads\/2024\/11\/Orbital-Red-Head-con-TUBEMASTER-MAGNATECH-2-300x225.jpg 300w, https:\/\/manchinellimontajes.com.ar\/wp-content\/uploads\/2024\/11\/Orbital-Red-Head-con-TUBEMASTER-MAGNATECH-2-768x576.jpg 768w, https:\/\/manchinellimontajes.com.ar\/wp-content\/uploads\/2024\/11\/Orbital-Red-Head-con-TUBEMASTER-MAGNATECH-2.jpg 1600w\" sizes=\"auto, (max-width: 767px) 89vw, (max-width: 1000px) 54vw, (max-width: 1071px) 543px, 580px\" \/><\/figure><\/li><li class=\"blocks-gallery-item\"><figure><img loading=\"lazy\" decoding=\"async\" width=\"1024\" height=\"768\" src=\"https:\/\/manchinellimontajes.com.ar\/wp-content\/uploads\/2024\/11\/Orbital-Red-Head-con-TUBEMASTER-MAGNATECH-1024x768.jpg\" alt=\"\" data-id=\"99\" data-link=\"https:\/\/manchinellimontajes.com.ar\/index.php\/bienes-de-uso\/orbital-red-head-con-tubemaster-magnatech\/\" class=\"wp-image-99\" srcset=\"https:\/\/manchinellimontajes.com.ar\/wp-content\/uploads\/2024\/11\/Orbital-Red-Head-con-TUBEMASTER-MAGNATECH-1024x768.jpg 1024w, https:\/\/manchinellimontajes.com.ar\/wp-content\/uploads\/2024\/11\/Orbital-Red-Head-con-TUBEMASTER-MAGNATECH-300x225.jpg 300w, https:\/\/manchinellimontajes.com.ar\/wp-content\/uploads\/2024\/11\/Orbital-Red-Head-con-TUBEMASTER-MAGNATECH-768x576.jpg 768w, https:\/\/manchinellimontajes.com.ar\/wp-content\/uploads\/2024\/11\/Orbital-Red-Head-con-TUBEMASTER-MAGNATECH.jpg 1600w\" sizes=\"auto, (max-width: 767px) 89vw, (max-width: 1000px) 54vw, (max-width: 1071px) 543px, 580px\" \/><\/figure><\/li><li class=\"blocks-gallery-item\"><figure><img loading=\"lazy\" decoding=\"async\" width=\"1024\" height=\"768\" src=\"https:\/\/manchinellimontajes.com.ar\/wp-content\/uploads\/2024\/11\/Biseladora-chica-1024x768.jpg\" alt=\"\" data-id=\"100\" data-link=\"https:\/\/manchinellimontajes.com.ar\/index.php\/bienes-de-uso\/biseladora-chica\/\" class=\"wp-image-100\" srcset=\"https:\/\/manchinellimontajes.com.ar\/wp-content\/uploads\/2024\/11\/Biseladora-chica-1024x768.jpg 1024w, https:\/\/manchinellimontajes.com.ar\/wp-content\/uploads\/2024\/11\/Biseladora-chica-300x225.jpg 300w, https:\/\/manchinellimontajes.com.ar\/wp-content\/uploads\/2024\/11\/Biseladora-chica-768x576.jpg 768w, https:\/\/manchinellimontajes.com.ar\/wp-content\/uploads\/2024\/11\/Biseladora-chica.jpg 1600w\" sizes=\"auto, (max-width: 767px) 89vw, (max-width: 1000px) 54vw, (max-width: 1071px) 543px, 580px\" \/><\/figure><\/li><li class=\"blocks-gallery-item\"><figure><img loading=\"lazy\" decoding=\"async\" width=\"1024\" height=\"768\" src=\"https:\/\/manchinellimontajes.com.ar\/wp-content\/uploads\/2024\/11\/Biseladora-Grande-2-1024x768.jpg\" alt=\"\" data-id=\"101\" data-link=\"https:\/\/manchinellimontajes.com.ar\/index.php\/bienes-de-uso\/biseladora-grande-2\/\" class=\"wp-image-101\" srcset=\"https:\/\/manchinellimontajes.com.ar\/wp-content\/uploads\/2024\/11\/Biseladora-Grande-2-1024x768.jpg 1024w, https:\/\/manchinellimontajes.com.ar\/wp-content\/uploads\/2024\/11\/Biseladora-Grande-2-300x225.jpg 300w, https:\/\/manchinellimontajes.com.ar\/wp-content\/uploads\/2024\/11\/Biseladora-Grande-2-768x576.jpg 768w, https:\/\/manchinellimontajes.com.ar\/wp-content\/uploads\/2024\/11\/Biseladora-Grande-2.jpg 1600w\" sizes=\"auto, (max-width: 767px) 89vw, (max-width: 1000px) 54vw, (max-width: 1071px) 543px, 580px\" \/><\/figure><\/li><li class=\"blocks-gallery-item\"><figure><img loading=\"lazy\" decoding=\"async\" width=\"1024\" height=\"768\" src=\"https:\/\/manchinellimontajes.com.ar\/wp-content\/uploads\/2024\/11\/Biseladora-Grande-1024x768.jpg\" alt=\"\" data-id=\"102\" data-link=\"https:\/\/manchinellimontajes.com.ar\/index.php\/bienes-de-uso\/biseladora-grande\/\" class=\"wp-image-102\" srcset=\"https:\/\/manchinellimontajes.com.ar\/wp-content\/uploads\/2024\/11\/Biseladora-Grande-1024x768.jpg 1024w, https:\/\/manchinellimontajes.com.ar\/wp-content\/uploads\/2024\/11\/Biseladora-Grande-300x225.jpg 300w, https:\/\/manchinellimontajes.com.ar\/wp-content\/uploads\/2024\/11\/Biseladora-Grande-768x576.jpg 768w, https:\/\/manchinellimontajes.com.ar\/wp-content\/uploads\/2024\/11\/Biseladora-Grande.jpg 1600w\" sizes=\"auto, (max-width: 767px) 89vw, (max-width: 1000px) 54vw, (max-width: 1071px) 543px, 580px\" \/><\/figure><\/li><li class=\"blocks-gallery-item\"><figure><img loading=\"lazy\" decoding=\"async\" width=\"1024\" height=\"768\" src=\"https:\/\/manchinellimontajes.com.ar\/wp-content\/uploads\/2024\/11\/Orbital-cabezal-Grande-2-1024x768.jpg\" alt=\"\" data-id=\"103\" data-link=\"https:\/\/manchinellimontajes.com.ar\/index.php\/bienes-de-uso\/orbital-cabezal-grande-2\/\" class=\"wp-image-103\" srcset=\"https:\/\/manchinellimontajes.com.ar\/wp-content\/uploads\/2024\/11\/Orbital-cabezal-Grande-2-1024x768.jpg 1024w, https:\/\/manchinellimontajes.com.ar\/wp-content\/uploads\/2024\/11\/Orbital-cabezal-Grande-2-300x225.jpg 300w, https:\/\/manchinellimontajes.com.ar\/wp-content\/uploads\/2024\/11\/Orbital-cabezal-Grande-2-768x576.jpg 768w, https:\/\/manchinellimontajes.com.ar\/wp-content\/uploads\/2024\/11\/Orbital-cabezal-Grande-2.jpg 1600w\" sizes=\"auto, (max-width: 767px) 89vw, (max-width: 1000px) 54vw, (max-width: 1071px) 543px, 580px\" \/><\/figure><\/li><li class=\"blocks-gallery-item\"><figure><img loading=\"lazy\" decoding=\"async\" width=\"1024\" height=\"768\" src=\"https:\/\/manchinellimontajes.com.ar\/wp-content\/uploads\/2024\/11\/Orbital-Cabezal-Grande-1-1024x768.jpg\" alt=\"\" data-id=\"104\" data-link=\"https:\/\/manchinellimontajes.com.ar\/index.php\/bienes-de-uso\/orbital-cabezal-grande-1\/\" class=\"wp-image-104\" srcset=\"https:\/\/manchinellimontajes.com.ar\/wp-content\/uploads\/2024\/11\/Orbital-Cabezal-Grande-1-1024x768.jpg 1024w, https:\/\/manchinellimontajes.com.ar\/wp-content\/uploads\/2024\/11\/Orbital-Cabezal-Grande-1-300x225.jpg 300w, https:\/\/manchinellimontajes.com.ar\/wp-content\/uploads\/2024\/11\/Orbital-Cabezal-Grande-1-768x576.jpg 768w, https:\/\/manchinellimontajes.com.ar\/wp-content\/uploads\/2024\/11\/Orbital-Cabezal-Grande-1.jpg 1600w\" sizes=\"auto, (max-width: 767px) 89vw, (max-width: 1000px) 54vw, (max-width: 1071px) 543px, 580px\" \/><\/figure><\/li><\/ul>\n   ","protected":false},"excerpt":{"rendered":"<p>Obrador y oficina Gutenberg 1105. Pi\u00f1eiro, Avellaneda. TE: (54)(011)4139-5800*L\u00edneas Rotativas Equipos Soldadora Orbital POLISUDE\u00a0 \u00bd\u201d a 2 \u00bd\u201d con AVC y OSC Soldadora Orbital POLISUDE\u00a0 2\u201d a 16\u201d con AVC y OSC Soldadora Orbital Magnatech Tubemaster 514 con cabezal Red Head con AVC (El AVC, o control autom\u00e1tico de tensi\u00f3n, se encarga de medir la &hellip; <\/p>\n<p class=\"link-more\"><a href=\"https:\/\/manchinellimontajes.com.ar\/index.php\/bienes-de-uso\/\" class=\"more-link\">Continue reading<span class=\"screen-reader-text\"> &#8220;Bienes de uso&#8221;<\/span><\/a><\/p>\n","protected":false},"author":1,"featured_media":0,"parent":0,"menu_order":0,"comment_status":"closed","ping_status":"closed","template":"","meta":{"footnotes":""},"class_list":["post-23","page","type-page","status-publish","hentry"],"_links":{"self":[{"href":"https:\/\/manchinellimontajes.com.ar\/index.php\/wp-json\/wp\/v2\/pages\/23","targetHints":{"allow":["GET"]}}],"collection":[{"href":"https:\/\/manchinellimontajes.com.ar\/index.php\/wp-json\/wp\/v2\/pages"}],"about":[{"href":"https:\/\/manchinellimontajes.com.ar\/index.php\/wp-json\/wp\/v2\/types\/page"}],"author":[{"embeddable":true,"href":"https:\/\/manchinellimontajes.com.ar\/index.php\/wp-json\/wp\/v2\/users\/1"}],"replies":[{"embeddable":true,"href":"https:\/\/manchinellimontajes.com.ar\/index.php\/wp-json\/wp\/v2\/comments?post=23"}],"version-history":[{"count":4,"href":"https:\/\/manchinellimontajes.com.ar\/index.php\/wp-json\/wp\/v2\/pages\/23\/revisions"}],"predecessor-version":[{"id":113,"href":"https:\/\/manchinellimontajes.com.ar\/index.php\/wp-json\/wp\/v2\/pages\/23\/revisions\/113"}],"wp:attachment":[{"href":"https:\/\/manchinellimontajes.com.ar\/index.php\/wp-json\/wp\/v2\/media?parent=23"}],"curies":[{"name":"wp","href":"https:\/\/api.w.org\/{rel}","templated":true}]}}